{"id":2,"date":"2023-10-08T15:59:34","date_gmt":"2023-10-08T13:59:34","guid":{"rendered":"http:\/\/aikido.didierverna.org\/?page_id=2"},"modified":"2023-10-11T15:35:41","modified_gmt":"2023-10-11T13:35:41","slug":"apropos","status":"publish","type":"page","link":"https:\/\/aikido.didierverna.org\/index.php\/apropos\/","title":{"rendered":"\u00c0 Propos"},"content":{"rendered":"<div class=\"wp-block-image\">\n<figure class=\"alignleft size-large is-resized\"><img data-opt-id=1116037744  fetchpriority=\"high\" decoding=\"async\" src=\"https:\/\/mlxpkoy5mkhp.i.optimole.com\/w:1024\/h:1024\/q:mauto\/f:best\/https:\/\/aikido.didierverna.org\/wp-content\/uploads\/2023\/10\/Didier.png\" alt=\"\" class=\"wp-image-177\" style=\"width:243px;height:243px\" width=\"243\" height=\"243\" srcset=\"https:\/\/mlxpkoy5mkhp.i.optimole.com\/w:1024\/h:1024\/q:mauto\/f:best\/https:\/\/aikido.didierverna.org\/wp-content\/uploads\/2023\/10\/Didier.png 1024w, https:\/\/mlxpkoy5mkhp.i.optimole.com\/w:300\/h:300\/q:mauto\/f:best\/https:\/\/aikido.didierverna.org\/wp-content\/uploads\/2023\/10\/Didier.png 300w, https:\/\/mlxpkoy5mkhp.i.optimole.com\/w:150\/h:150\/q:mauto\/f:best\/https:\/\/aikido.didierverna.org\/wp-content\/uploads\/2023\/10\/Didier.png 150w, https:\/\/mlxpkoy5mkhp.i.optimole.com\/w:768\/h:768\/q:mauto\/f:best\/https:\/\/aikido.didierverna.org\/wp-content\/uploads\/2023\/10\/Didier.png 768w, https:\/\/mlxpkoy5mkhp.i.optimole.com\/w:1080\/h:1080\/q:mauto\/f:best\/https:\/\/aikido.didierverna.org\/wp-content\/uploads\/2023\/10\/Didier.png 1417w\" sizes=\"(max-width: 243px) 100vw, 243px\" \/><\/figure>\n<\/div>\n\n\n<p>Didier Verna pratique l&rsquo;A\u00efkido depuis 20 ans. Il a suivi l&rsquo;enseignement de Jacques Bonemaison Shihan (7ie dan), et a pr\u00e9sid\u00e9 la section A\u00efkido du Paris Universit\u00e9 Club pendant plusieurs ann\u00e9es. <\/p>\n\n\n\n<p>Il suit d\u00e9sormais les enseignements de Matthieu Brocart (6e dan) au COPC (Paris 1er), et de St\u00e9phane Fassetta (5e dan) \u00e0 Saint-R\u00e9my-l\u00e8s-Chevreuse. Il est \u00e9galement proche du dojo des Amandiers (Paris 19e).<\/p>\n\n\n\n<p>Titulaire du brevet f\u00e9d\u00e9ral et fid\u00e8le partenaire de St\u00e9phane depuis ses d\u00e9buts, il est \u00e9galement professeur assistant au dojo <a href=\"https:\/\/aikido-vallee-chevreuse.fr\">A\u00efkido Vall\u00e9e de Chevreuse<\/a>.<\/p>\n\n\n\n<p>Quand il ne pratique pas, Didier Verna est <a href=\"https:\/\/www.lrde.epita.fr\/~didier\/index.php\" data-type=\"link\" data-id=\"https:\/\/www.lrde.epita.fr\/~didier\/index.php\">professeur d&rsquo;informatique<\/a> habilit\u00e9 \u00e0 diriger les recherches et <a href=\"https:\/\/didierverna.com\">musicien de Jazz<\/a> semi-professionnel (guitariste et compositeur). <\/p>\n\n\n<div class=\"wp-block-image\">\n<figure class=\"aligncenter size-full is-resized\"><a href=\"https:\/\/didierverna.info\"><img data-opt-id=1240677728  fetchpriority=\"high\" decoding=\"async\" src=\"https:\/\/mlxpkoy5mkhp.i.optimole.com\/w:auto\/h:auto\/q:mauto\/f:best\/https:\/\/aikido.didierverna.org\/wp-content\/uploads\/2023\/10\/circle.png\" alt=\"\" class=\"wp-image-17\" style=\"width:58px;height:58px\" width=\"58\" height=\"58\" srcset=\"https:\/\/mlxpkoy5mkhp.i.optimole.com\/w:591\/h:590\/q:mauto\/f:best\/https:\/\/aikido.didierverna.org\/wp-content\/uploads\/2023\/10\/circle.png 591w, https:\/\/mlxpkoy5mkhp.i.optimole.com\/w:300\/h:300\/q:mauto\/f:best\/https:\/\/aikido.didierverna.org\/wp-content\/uploads\/2023\/10\/circle.png 300w, https:\/\/mlxpkoy5mkhp.i.optimole.com\/w:150\/h:150\/q:mauto\/f:best\/https:\/\/aikido.didierverna.org\/wp-content\/uploads\/2023\/10\/circle.png 150w\" sizes=\"(max-width: 58px) 100vw, 58px\" \/><\/a><\/figure>\n<\/div>","protected":false},"excerpt":{"rendered":"<p>Didier Verna pratique l&rsquo;A\u00efkido depuis 20 ans. Il a suivi l&rsquo;enseignement de Jacques Bonemaison Shihan (7ie dan), et a pr\u00e9sid\u00e9 la section A\u00efkido du Paris Universit\u00e9 Club pendant plusieurs ann\u00e9es. Il suit d\u00e9sormais les enseignements de Matthieu Brocart (6e dan) au COPC (Paris 1er), et de St\u00e9phane Fassetta (5e dan) [&hellip;]<\/p>\n","protected":false},"author":1,"featured_media":0,"parent":0,"menu_order":0,"comment_status":"closed","ping_status":"closed","template":"page-templates\/template-fullwidth.php","meta":{"_editorskit_title_hidden":false,"_editorskit_reading_time":0,"_editorskit_is_block_options_detached":false,"_editorskit_block_options_position":"{}","footnotes":""},"class_list":["post-2","page","type-page","status-publish","hentry"],"_links":{"self":[{"href":"https:\/\/aikido.didierverna.org\/index.php\/wp-json\/wp\/v2\/pages\/2","targetHints":{"allow":["GET"]}}],"collection":[{"href":"https:\/\/aikido.didierverna.org\/index.php\/wp-json\/wp\/v2\/pages"}],"about":[{"href":"https:\/\/aikido.didierverna.org\/index.php\/wp-json\/wp\/v2\/types\/page"}],"author":[{"embeddable":true,"href":"https:\/\/aikido.didierverna.org\/index.php\/wp-json\/wp\/v2\/users\/1"}],"replies":[{"embeddable":true,"href":"https:\/\/aikido.didierverna.org\/index.php\/wp-json\/wp\/v2\/comments?post=2"}],"version-history":[{"count":8,"href":"https:\/\/aikido.didierverna.org\/index.php\/wp-json\/wp\/v2\/pages\/2\/revisions"}],"predecessor-version":[{"id":186,"href":"https:\/\/aikido.didierverna.org\/index.php\/wp-json\/wp\/v2\/pages\/2\/revisions\/186"}],"wp:attachment":[{"href":"https:\/\/aikido.didierverna.org\/index.php\/wp-json\/wp\/v2\/media?parent=2"}],"curies":[{"name":"wp","href":"https:\/\/api.w.org\/{rel}","templated":true}]}}